{"id":5580,"date":"2024-04-30T10:47:48","date_gmt":"2024-04-30T08:47:48","guid":{"rendered":"https:\/\/www.chateaudelarocheguyon.fr\/le-chateau-se-livre\/?page_id=5580"},"modified":"2025-07-01T12:08:09","modified_gmt":"2025-07-01T10:08:09","slug":"je-vote-pour-mon-ouvrage-prefere","status":"publish","type":"page","link":"https:\/\/www.chateaudelarocheguyon.fr\/le-chateau-se-livre\/je-vote-pour-mon-ouvrage-prefere\/","title":{"rendered":"Je vote pour mon ouvrage pr\u00e9f\u00e9r\u00e9"},"content":{"rendered":"<p>[vc_row content_placement=&#8221;middle&#8221; row_content_width=&#8221;grid&#8221; content_text_aligment=&#8221;center&#8221; css=&#8221;.vc_custom_1709735647491{padding-top: 147px !important;padding-bottom: 51px !important;}&#8221;][vc_column]<div class=\"eltdf-section-title-holder   eltdf-st-decorative-line\" >\n\t<div class=\"eltdf-st-inner\">\n        \t\t\t\t\t<h2 class=\"eltdf-st-title\" >\n    <span class=\"eltdf-st-title-inner\"><span class=\"eltdf-st-side-line-left\" ><\/span>PRIX DES LECTEURS<span class=\"eltdf-st-side-line-right\" ><\/span><\/span>\n\t\t\t<\/h2>\n\t\t\t\t\t\t\t<p class=\"eltdf-st-text\" >\n\t\t\t\tFESTIVAL LE CH\u00c2TEAU SE LIVRE\t\t\t<\/p>\n\t\t\t\t\t<\/div>\n<\/div>[vc_column_text]Les votes pour le Prix des lecteurs sont d\u00e9sormais clos.<\/p>\n<p>Rendez-vous samedi 5 juillet \u00e0 11h30 pour l&#8217;inauguration de la 4eme \u00e9dition du festival litt\u00e9raire &#8220;Le Ch\u00e2teau se Livre&#8221; suivie de la remise du prix en pr\u00e9sence des autrices ![\/vc_column_text][vc_empty_space height=&#8221;53px&#8221;][\/vc_column][\/vc_row][vc_row][vc_column][\/vc_column][\/vc_row][vc_row][vc_column][\/vc_column][\/vc_row]<\/p>\n","protected":false},"excerpt":{"rendered":"<p>[vc_row content_placement=&#8221;middle&#8221; row_content_width=&#8221;grid&#8221; content_text_aligment=&#8221;center&#8221; css=&#8221;.vc_custom_1709735647491{padding-top: 147px !important;padding-bottom: 51px !important;}&#8221;][vc_column][vc_column_text]Les votes pour le Prix des lecteurs sont d\u00e9sormais clos. Rendez-vous samedi 5 juillet \u00e0 11h30 pour l&#8217;inauguration de la 4eme \u00e9dition du festival litt\u00e9raire &#8220;Le Ch\u00e2teau se Livre&#8221; suivie de la [&hellip;]<\/p>\n","protected":false},"author":1,"featured_media":0,"parent":0,"menu_order":0,"comment_status":"closed","ping_status":"closed","template":"full-width.php","meta":{"footnotes":""},"class_list":["post-5580","page","type-page","status-publish","hentry"],"_links":{"self":[{"href":"https:\/\/www.chateaudelarocheguyon.fr\/le-chateau-se-livre\/wp-json\/wp\/v2\/pages\/5580","targetHints":{"allow":["GET"]}}],"collection":[{"href":"https:\/\/www.chateaudelarocheguyon.fr\/le-chateau-se-livre\/wp-json\/wp\/v2\/pages"}],"about":[{"href":"https:\/\/www.chateaudelarocheguyon.fr\/le-chateau-se-livre\/wp-json\/wp\/v2\/types\/page"}],"author":[{"embeddable":true,"href":"https:\/\/www.chateaudelarocheguyon.fr\/le-chateau-se-livre\/wp-json\/wp\/v2\/users\/1"}],"replies":[{"embeddable":true,"href":"https:\/\/www.chateaudelarocheguyon.fr\/le-chateau-se-livre\/wp-json\/wp\/v2\/comments?post=5580"}],"version-history":[{"count":19,"href":"https:\/\/www.chateaudelarocheguyon.fr\/le-chateau-se-livre\/wp-json\/wp\/v2\/pages\/5580\/revisions"}],"predecessor-version":[{"id":6142,"href":"https:\/\/www.chateaudelarocheguyon.fr\/le-chateau-se-livre\/wp-json\/wp\/v2\/pages\/5580\/revisions\/6142"}],"wp:attachment":[{"href":"https:\/\/www.chateaudelarocheguyon.fr\/le-chateau-se-livre\/wp-json\/wp\/v2\/media?parent=5580"}],"curies":[{"name":"wp","href":"https:\/\/api.w.org\/{rel}","templated":true}]}}