{"id":5386,"date":"2024-03-06T15:58:41","date_gmt":"2024-03-06T14:58:41","guid":{"rendered":"https:\/\/www.chateaudelarocheguyon.fr\/le-chateau-se-livre\/?page_id=5386"},"modified":"2025-06-17T16:19:22","modified_gmt":"2025-06-17T14:19:22","slug":"programme","status":"publish","type":"page","link":"https:\/\/www.chateaudelarocheguyon.fr\/le-chateau-se-livre\/programme\/","title":{"rendered":"Programme"},"content":{"rendered":"<p>[vc_row content_placement=&#8221;middle&#8221; row_content_width=&#8221;grid&#8221; content_text_aligment=&#8221;center&#8221; css=&#8221;.vc_custom_1572272203446{padding-top: 147px !important;padding-bottom: 51px !important;}&#8221;][vc_column]<div class=\"eltdf-section-title-holder   eltdf-st-decorative-line\" >\n\t<div class=\"eltdf-st-inner\">\n        \t\t\t\t\t<h2 class=\"eltdf-st-title\" >\n    <span class=\"eltdf-st-title-inner\"><span class=\"eltdf-st-side-line-left\" ><\/span>PROGRAMME<span class=\"eltdf-st-side-line-right\" ><\/span><\/span>\n\t\t\t<\/h2>\n\t\t\t\t\t\t\t\t\t<div class=\"eltdf-st-button\"><a itemprop=\"url\" href=\"https:\/\/www.chateaudelarocheguyon.fr\/le-chateau-se-livre\/wp-content\/uploads\/2019\/09\/Programme-LCSL-2025.pdf\" target=\"_blank\" style=\"color: #c9ab81;margin: 35px 0 0\" class=\"eltdf-btn eltdf-btn-medium eltdf-btn-outline-slit eltdf-btn-custom-hover-color\" data-hover-color=\"#c9ab81\" >    <span class=\"eltdf-btn-text\">T\u00e9l\u00e9charger le programme !<\/span>    <\/a><\/div>\n\t\t\t<\/div>\n<\/div>[vc_empty_space height=&#8221;25px&#8221;][vc_row_inner][vc_column_inner][vc_empty_space height=&#8221;53px&#8221;][vc_column_text]<em>Le Ch\u00e2teau se Livre<\/em> propose aux festivaliers des rencontres, tables-rondes, lectures musicales, randonn\u00e9es litt\u00e9raires, s\u00e9ances de d\u00e9dicaces\u2026<\/p>\n<p>De nombreuses propositions attendent les enfants et les familles &#8211; conf\u00e9rence dessin\u00e9e, ateliers jeunesse pendant le week-end du 5 et 6 juillet -, ainsi que des animations jeunesse dans les \u00e9coles et biblioth\u00e8ques du territoire en amont du festival.<\/p>\n<p>Dans le cadre du festival, des rencontres litt\u00e9raires avec certaines autrices sont \u00e9galement organis\u00e9es en amont dans les biblioth\u00e8ques partenaires.[\/vc_column_text][vc_empty_space height=&#8221;50px&#8221;][\/vc_column_inner][vc_column_inner][\/vc_column_inner][\/vc_row_inner][vc_row_inner][vc_column_inner width=&#8221;2\/3&#8243;]<div class=\"eltdf-accordion-holder eltdf-ac-default  eltdf-toggle eltdf-ac-simple  clearfix\">\n\t<h5 class=\"eltdf-accordion-title\">\n    <span class=\"eltdf-accordion-mark\">\n\t\t<span class=\"eltdf_icon_plus icon_plus\"><\/span>\n\t\t<span class=\"eltdf_icon_minus icon_minus-06\"><\/span>\n\t<\/span>\n\t<span class=\"eltdf-tab-title\">TEMPS FORTS DU FESTIVAL<\/span>\n<\/h5>\n<div class=\"eltdf-accordion-content\">\n\t<div class=\"eltdf-accordion-content-inner\">\n\t\t[vc_column_text]<strong>Ev\u00e9nement phare<\/strong> <strong>avec Emmanuel Ruben<\/strong>, invit\u00e9 d\u2019honneur litt\u00e9rature : lecture musicale avec le saxophoniste et compositeur fran\u00e7ais de jazz Fran\u00e7ois Ripoche autour de sa nouveaut\u00e9 <em>L\u2019Usage du Japon<\/em>.<br \/>\n<strong>Masterclass avec Isabelle Simler<\/strong>, invit\u00e9e d\u2019honneur litt\u00e9rature jeunesse, sur son travail et en particulier sur ses deux nouveaut\u00e9s <em>Carnet Lointain<\/em> et <em>Vivant<\/em>.<br \/>\n<strong>Remise du Prix des Lecteurs<\/strong> en pr\u00e9sence des quatre finalistes Delphine Bertholon, Anne-Solange Muis, Gwena\u00eble Robert et Estelle Rocchitelli.<br \/>\n<strong>Conf\u00e9rence dessin\u00e9e<\/strong> avec Mathieu Siam et Thibaut Lambert, auteurs de la bande dessin\u00e9e <em>Dans l\u2019atelier du douanier Rousseau<\/em> (<a href=\"https:\/\/youtu.be\/SSNeCvfr2vs\" target=\"_blank\" rel=\"noopener\">cliquer ici pour voir la bande-annonce<\/a>).<br \/>\n<strong>Lecture musicale<\/strong> avec Marie Pavlenko, autrice de<em> Traverser les montagnes et venir na\u00eetre ici<\/em>, et Ma\u00ebva Le Berre, violoncelliste.<br \/>\n<strong>Conf\u00e9rence<\/strong> d\u2019Alain Schnapp, historien et arch\u00e9ologue, ancien directeur de l\u2019Institut National d\u2019Histoire de l\u2019Art, sur le th\u00e8me des Ruines et des paysages de la pr\u00e9histoire aux Lumi\u00e8res.<br \/>\n<strong>Rencontre cin\u00e9<\/strong> avec le r\u00e9alisateur et auteur Martin Provost et projection de son film <em>Bonnard, Pierre et Marthe<\/em><br \/>\n<strong>Balade litt\u00e9raire<\/strong> en partenariat avec le Parc r\u00e9gional du Vexin fran\u00e7ais.<\/p>\n<p>Une riche programmation jeunesse tout le week-end : ateliers pour les enfants et s\u00e9ances de d\u00e9dicaces en pr\u00e9sence des illustrateurs et auteurs jeunesse.<br \/>\nUne programmation pluridisciplinaire avec des philosophes tels que Gaspard Koenig ou Mathilde Ramadier, des historiens tels que Georges Vigarello et des \u00e9crivains tels que Ga\u00eblle Josse.[\/vc_column_text]\t<\/div>\n<\/div><h5 class=\"eltdf-accordion-title\">\n    <span class=\"eltdf-accordion-mark\">\n\t\t<span class=\"eltdf_icon_plus icon_plus\"><\/span>\n\t\t<span class=\"eltdf_icon_minus icon_minus-06\"><\/span>\n\t<\/span>\n\t<span class=\"eltdf-tab-title\">RENCONTRES LITT\u00c9RAIRES<\/span>\n<\/h5>\n<div class=\"eltdf-accordion-content\">\n\t<div class=\"eltdf-accordion-content-inner\">\n\t\t[vc_column_text]\u00c0 l\u2019occasion de la 4\u00e8me \u00e9dition du festival, plusieurs rencontres se tiendront en amont dans des biblioth\u00e8ques et m\u00e9diath\u00e8ques du territoire. Venez \u00e9changer avec les autrices invit\u00e9es autour de leurs derniers ouvrages dans une ambiance conviviale !<\/p>\n<p>&nbsp;<\/p>\n<p><a href=\"https:\/\/www.chateaudelarocheguyon.fr\/le-chateau-se-livre\/wp-content\/uploads\/2019\/09\/Programme-rencontres-litteraires-LCSL-2025.pdf\" target=\"_blank\" rel=\"noopener\"><strong>T\u00e9l\u00e9charger le programme complet<\/strong><\/a><\/p>\n<h4><strong>Mai<\/strong><\/h4>\n<p><img loading=\"lazy\" decoding=\"async\" class=\"alignleft wp-image-6041 size-thumbnail\" src=\"https:\/\/www.chateaudelarocheguyon.fr\/le-chateau-se-livre\/wp-content\/uploads\/2025\/04\/61FQEFRNuVL-150x150.jpg\" alt=\"\" width=\"150\" height=\"150\" srcset=\"https:\/\/www.chateaudelarocheguyon.fr\/le-chateau-se-livre\/wp-content\/uploads\/2025\/04\/61FQEFRNuVL-150x150.jpg 150w, https:\/\/www.chateaudelarocheguyon.fr\/le-chateau-se-livre\/wp-content\/uploads\/2025\/04\/61FQEFRNuVL-298x300.jpg 298w, https:\/\/www.chateaudelarocheguyon.fr\/le-chateau-se-livre\/wp-content\/uploads\/2025\/04\/61FQEFRNuVL-768x773.jpg 768w, https:\/\/www.chateaudelarocheguyon.fr\/le-chateau-se-livre\/wp-content\/uploads\/2025\/04\/61FQEFRNuVL-650x650.jpg 650w, https:\/\/www.chateaudelarocheguyon.fr\/le-chateau-se-livre\/wp-content\/uploads\/2025\/04\/61FQEFRNuVL.jpg 994w\" sizes=\"auto, (max-width: 150px) 100vw, 150px\" \/> \u00a0<img loading=\"lazy\" decoding=\"async\" class=\"alignleft wp-image-5953 size-thumbnail\" src=\"https:\/\/www.chateaudelarocheguyon.fr\/le-chateau-se-livre\/wp-content\/uploads\/2025\/03\/Marie-Lescroart-150x150.jpg\" alt=\"\" width=\"150\" height=\"150\" \/><strong>Samedi 17 mai<\/strong><br \/>\n10h30-12h : Atelier jeunesse avec Marie Lescroart \u00e0 la M\u00e9diath\u00e8que Espace Boris Vian (Porcheville)<br \/>\n14h-15h30 : Atelier jeunesse avec Marie Lescroart \u00e0 la M\u00e9diath\u00e8que Paul Val\u00e9ry (Gargenville)<\/p>\n<p>&nbsp;<\/p>\n<p><img loading=\"lazy\" decoding=\"async\" class=\"alignleft wp-image-5866 size-thumbnail\" src=\"https:\/\/www.chateaudelarocheguyon.fr\/le-chateau-se-livre\/wp-content\/uploads\/2025\/02\/Couv-Agnes-Clancier-e1745332120447-150x150.jpg\" alt=\"\" width=\"150\" height=\"150\" srcset=\"https:\/\/www.chateaudelarocheguyon.fr\/le-chateau-se-livre\/wp-content\/uploads\/2025\/02\/Couv-Agnes-Clancier-e1745332120447-150x150.jpg 150w, https:\/\/www.chateaudelarocheguyon.fr\/le-chateau-se-livre\/wp-content\/uploads\/2025\/02\/Couv-Agnes-Clancier-e1745332120447-300x300.jpg 300w, https:\/\/www.chateaudelarocheguyon.fr\/le-chateau-se-livre\/wp-content\/uploads\/2025\/02\/Couv-Agnes-Clancier-e1745332120447-1024x1024.jpg 1024w, https:\/\/www.chateaudelarocheguyon.fr\/le-chateau-se-livre\/wp-content\/uploads\/2025\/02\/Couv-Agnes-Clancier-e1745332120447-768x768.jpg 768w, https:\/\/www.chateaudelarocheguyon.fr\/le-chateau-se-livre\/wp-content\/uploads\/2025\/02\/Couv-Agnes-Clancier-e1745332120447-650x650.jpg 650w, https:\/\/www.chateaudelarocheguyon.fr\/le-chateau-se-livre\/wp-content\/uploads\/2025\/02\/Couv-Agnes-Clancier-e1745332120447-1300x1300.jpg 1300w, https:\/\/www.chateaudelarocheguyon.fr\/le-chateau-se-livre\/wp-content\/uploads\/2025\/02\/Couv-Agnes-Clancier-e1745332120447.jpg 1395w\" sizes=\"auto, (max-width: 150px) 100vw, 150px\" \/> <img loading=\"lazy\" decoding=\"async\" class=\"alignleft wp-image-6042 size-thumbnail\" src=\"https:\/\/www.chateaudelarocheguyon.fr\/le-chateau-se-livre\/wp-content\/uploads\/2025\/04\/Photo-Agnes-Clancier-scaled-e1745332177647-150x150.jpg\" alt=\"\" width=\"150\" height=\"150\" srcset=\"https:\/\/www.chateaudelarocheguyon.fr\/le-chateau-se-livre\/wp-content\/uploads\/2025\/04\/Photo-Agnes-Clancier-scaled-e1745332177647-150x150.jpg 150w, https:\/\/www.chateaudelarocheguyon.fr\/le-chateau-se-livre\/wp-content\/uploads\/2025\/04\/Photo-Agnes-Clancier-scaled-e1745332177647-300x300.jpg 300w, https:\/\/www.chateaudelarocheguyon.fr\/le-chateau-se-livre\/wp-content\/uploads\/2025\/04\/Photo-Agnes-Clancier-scaled-e1745332177647-1024x1024.jpg 1024w, https:\/\/www.chateaudelarocheguyon.fr\/le-chateau-se-livre\/wp-content\/uploads\/2025\/04\/Photo-Agnes-Clancier-scaled-e1745332177647-768x768.jpg 768w, https:\/\/www.chateaudelarocheguyon.fr\/le-chateau-se-livre\/wp-content\/uploads\/2025\/04\/Photo-Agnes-Clancier-scaled-e1745332177647-1536x1536.jpg 1536w, https:\/\/www.chateaudelarocheguyon.fr\/le-chateau-se-livre\/wp-content\/uploads\/2025\/04\/Photo-Agnes-Clancier-scaled-e1745332177647-650x650.jpg 650w, https:\/\/www.chateaudelarocheguyon.fr\/le-chateau-se-livre\/wp-content\/uploads\/2025\/04\/Photo-Agnes-Clancier-scaled-e1745332177647-1300x1300.jpg 1300w, https:\/\/www.chateaudelarocheguyon.fr\/le-chateau-se-livre\/wp-content\/uploads\/2025\/04\/Photo-Agnes-Clancier-scaled-e1745332177647.jpg 1698w\" sizes=\"auto, (max-width: 150px) 100vw, 150px\" \/><\/p>\n<p>&nbsp;<\/p>\n<p><strong>Samedi 24 mai<\/strong><br \/>\n10h-11h30 : Rencontre litt\u00e9raire avec Agn\u00e8s Clancier \u00e0 la M\u00e9diath\u00e8que du Domaine Berson (Meulan-en-Yvelines)<\/p>\n<p>&nbsp;<\/p>\n<p>&nbsp;<\/p>\n<p>&nbsp;<\/p>\n<p><img loading=\"lazy\" decoding=\"async\" class=\"alignleft wp-image-5847 size-thumbnail\" src=\"https:\/\/www.chateaudelarocheguyon.fr\/le-chateau-se-livre\/wp-content\/uploads\/2025\/02\/Une-ile-pour-elle-e1745332556745-150x150.jpg\" alt=\"\" width=\"150\" height=\"150\" srcset=\"https:\/\/www.chateaudelarocheguyon.fr\/le-chateau-se-livre\/wp-content\/uploads\/2025\/02\/Une-ile-pour-elle-e1745332556745-150x150.jpg 150w, https:\/\/www.chateaudelarocheguyon.fr\/le-chateau-se-livre\/wp-content\/uploads\/2025\/02\/Une-ile-pour-elle-e1745332556745-300x300.jpg 300w, https:\/\/www.chateaudelarocheguyon.fr\/le-chateau-se-livre\/wp-content\/uploads\/2025\/02\/Une-ile-pour-elle-e1745332556745.jpg 400w\" sizes=\"auto, (max-width: 150px) 100vw, 150px\" \/><\/p>\n<p><img loading=\"lazy\" decoding=\"async\" class=\"alignleft wp-image-6010 size-thumbnail\" src=\"https:\/\/www.chateaudelarocheguyon.fr\/le-chateau-se-livre\/wp-content\/uploads\/2025\/04\/AnneSolange-MuiscVincentLappartient-150x150.jpg\" alt=\"\" width=\"150\" height=\"150\" srcset=\"https:\/\/www.chateaudelarocheguyon.fr\/le-chateau-se-livre\/wp-content\/uploads\/2025\/04\/AnneSolange-MuiscVincentLappartient-150x150.jpg 150w, https:\/\/www.chateaudelarocheguyon.fr\/le-chateau-se-livre\/wp-content\/uploads\/2025\/04\/AnneSolange-MuiscVincentLappartient-650x650.jpg 650w, https:\/\/www.chateaudelarocheguyon.fr\/le-chateau-se-livre\/wp-content\/uploads\/2025\/04\/AnneSolange-MuiscVincentLappartient-1300x1300.jpg 1300w\" sizes=\"auto, (max-width: 150px) 100vw, 150px\" \/><\/p>\n<p>&nbsp;<\/p>\n<p><strong>Samedi 24 mai<\/strong><br \/>\n14h-15h30 : Rencontre litt\u00e9raire avec Anne-Solange Muis \u00e0 la Biblioth\u00e8que de Cormeilles-en-Vexin<\/p>\n<p>&nbsp;<\/p>\n<p>&nbsp;<\/p>\n<h4><\/h4>\n<h4><strong>Juin<\/strong><\/h4>\n<p><img loading=\"lazy\" decoding=\"async\" class=\"alignleft wp-image-5847 size-thumbnail\" src=\"https:\/\/www.chateaudelarocheguyon.fr\/le-chateau-se-livre\/wp-content\/uploads\/2025\/02\/Une-ile-pour-elle-e1745332556745-150x150.jpg\" alt=\"\" width=\"150\" height=\"150\" srcset=\"https:\/\/www.chateaudelarocheguyon.fr\/le-chateau-se-livre\/wp-content\/uploads\/2025\/02\/Une-ile-pour-elle-e1745332556745-150x150.jpg 150w, https:\/\/www.chateaudelarocheguyon.fr\/le-chateau-se-livre\/wp-content\/uploads\/2025\/02\/Une-ile-pour-elle-e1745332556745-300x300.jpg 300w, https:\/\/www.chateaudelarocheguyon.fr\/le-chateau-se-livre\/wp-content\/uploads\/2025\/02\/Une-ile-pour-elle-e1745332556745.jpg 400w\" sizes=\"auto, (max-width: 150px) 100vw, 150px\" \/> <img loading=\"lazy\" decoding=\"async\" class=\"alignleft wp-image-6010 size-thumbnail\" src=\"https:\/\/www.chateaudelarocheguyon.fr\/le-chateau-se-livre\/wp-content\/uploads\/2025\/04\/AnneSolange-MuiscVincentLappartient-150x150.jpg\" alt=\"\" width=\"150\" height=\"150\" srcset=\"https:\/\/www.chateaudelarocheguyon.fr\/le-chateau-se-livre\/wp-content\/uploads\/2025\/04\/AnneSolange-MuiscVincentLappartient-150x150.jpg 150w, https:\/\/www.chateaudelarocheguyon.fr\/le-chateau-se-livre\/wp-content\/uploads\/2025\/04\/AnneSolange-MuiscVincentLappartient-650x650.jpg 650w, https:\/\/www.chateaudelarocheguyon.fr\/le-chateau-se-livre\/wp-content\/uploads\/2025\/04\/AnneSolange-MuiscVincentLappartient-1300x1300.jpg 1300w\" sizes=\"auto, (max-width: 150px) 100vw, 150px\" \/><\/p>\n<p>&nbsp;<\/p>\n<p><strong>Mercredi 11 juin<\/strong><br \/>\n14h-15h30 : Rencontre litt\u00e9raire avec Anne-Solange Muis \u00e0 l&#8217;H\u00f4tel de ville de La Chapelle-en-Vexin<\/p>\n<p>&nbsp;<\/p>\n<p>&nbsp;<\/p>\n<p>&nbsp;<\/p>\n<p><img loading=\"lazy\" decoding=\"async\" class=\"alignleft wp-image-5866 size-thumbnail\" src=\"https:\/\/www.chateaudelarocheguyon.fr\/le-chateau-se-livre\/wp-content\/uploads\/2025\/02\/Couv-Agnes-Clancier-e1745332120447-150x150.jpg\" alt=\"\" width=\"150\" height=\"150\" srcset=\"https:\/\/www.chateaudelarocheguyon.fr\/le-chateau-se-livre\/wp-content\/uploads\/2025\/02\/Couv-Agnes-Clancier-e1745332120447-150x150.jpg 150w, https:\/\/www.chateaudelarocheguyon.fr\/le-chateau-se-livre\/wp-content\/uploads\/2025\/02\/Couv-Agnes-Clancier-e1745332120447-300x300.jpg 300w, https:\/\/www.chateaudelarocheguyon.fr\/le-chateau-se-livre\/wp-content\/uploads\/2025\/02\/Couv-Agnes-Clancier-e1745332120447-1024x1024.jpg 1024w, https:\/\/www.chateaudelarocheguyon.fr\/le-chateau-se-livre\/wp-content\/uploads\/2025\/02\/Couv-Agnes-Clancier-e1745332120447-768x768.jpg 768w, https:\/\/www.chateaudelarocheguyon.fr\/le-chateau-se-livre\/wp-content\/uploads\/2025\/02\/Couv-Agnes-Clancier-e1745332120447-650x650.jpg 650w, https:\/\/www.chateaudelarocheguyon.fr\/le-chateau-se-livre\/wp-content\/uploads\/2025\/02\/Couv-Agnes-Clancier-e1745332120447-1300x1300.jpg 1300w, https:\/\/www.chateaudelarocheguyon.fr\/le-chateau-se-livre\/wp-content\/uploads\/2025\/02\/Couv-Agnes-Clancier-e1745332120447.jpg 1395w\" sizes=\"auto, (max-width: 150px) 100vw, 150px\" \/> <img loading=\"lazy\" decoding=\"async\" class=\"alignleft wp-image-6042 size-thumbnail\" src=\"https:\/\/www.chateaudelarocheguyon.fr\/le-chateau-se-livre\/wp-content\/uploads\/2025\/04\/Photo-Agnes-Clancier-scaled-e1745332177647-150x150.jpg\" alt=\"\" width=\"150\" height=\"150\" srcset=\"https:\/\/www.chateaudelarocheguyon.fr\/le-chateau-se-livre\/wp-content\/uploads\/2025\/04\/Photo-Agnes-Clancier-scaled-e1745332177647-150x150.jpg 150w, https:\/\/www.chateaudelarocheguyon.fr\/le-chateau-se-livre\/wp-content\/uploads\/2025\/04\/Photo-Agnes-Clancier-scaled-e1745332177647-300x300.jpg 300w, https:\/\/www.chateaudelarocheguyon.fr\/le-chateau-se-livre\/wp-content\/uploads\/2025\/04\/Photo-Agnes-Clancier-scaled-e1745332177647-1024x1024.jpg 1024w, https:\/\/www.chateaudelarocheguyon.fr\/le-chateau-se-livre\/wp-content\/uploads\/2025\/04\/Photo-Agnes-Clancier-scaled-e1745332177647-768x768.jpg 768w, https:\/\/www.chateaudelarocheguyon.fr\/le-chateau-se-livre\/wp-content\/uploads\/2025\/04\/Photo-Agnes-Clancier-scaled-e1745332177647-1536x1536.jpg 1536w, https:\/\/www.chateaudelarocheguyon.fr\/le-chateau-se-livre\/wp-content\/uploads\/2025\/04\/Photo-Agnes-Clancier-scaled-e1745332177647-650x650.jpg 650w, https:\/\/www.chateaudelarocheguyon.fr\/le-chateau-se-livre\/wp-content\/uploads\/2025\/04\/Photo-Agnes-Clancier-scaled-e1745332177647-1300x1300.jpg 1300w, https:\/\/www.chateaudelarocheguyon.fr\/le-chateau-se-livre\/wp-content\/uploads\/2025\/04\/Photo-Agnes-Clancier-scaled-e1745332177647.jpg 1698w\" sizes=\"auto, (max-width: 150px) 100vw, 150px\" \/><\/p>\n<p>&nbsp;<\/p>\n<p><strong>Vendredi 27 juin<\/strong><br \/>\n17h-18h30 : Rencontre litt\u00e9raire avec Agn\u00e8s Clancier au foyer rural de V\u00e9theuil[\/vc_column_text]\t<\/div>\n<\/div><\/div>[\/vc_column_inner][vc_column_inner width=&#8221;1\/3&#8243;]<div class=\"eltdf-single-image-holder    eltdf-image-animation-horizontal\">\n    <div class=\"eltdf-si-inner\" >\n                                    <img loading=\"lazy\" decoding=\"async\" width=\"1810\" height=\"2560\" src=\"https:\/\/www.chateaudelarocheguyon.fr\/le-chateau-se-livre\/wp-content\/uploads\/2025\/02\/Deambulations-litteraires2-scaled.jpg\" class=\"attachment-full size-full\" alt=\"\" srcset=\"https:\/\/www.chateaudelarocheguyon.fr\/le-chateau-se-livre\/wp-content\/uploads\/2025\/02\/Deambulations-litteraires2-scaled.jpg 1810w, https:\/\/www.chateaudelarocheguyon.fr\/le-chateau-se-livre\/wp-content\/uploads\/2025\/02\/Deambulations-litteraires2-212x300.jpg 212w, https:\/\/www.chateaudelarocheguyon.fr\/le-chateau-se-livre\/wp-content\/uploads\/2025\/02\/Deambulations-litteraires2-724x1024.jpg 724w, https:\/\/www.chateaudelarocheguyon.fr\/le-chateau-se-livre\/wp-content\/uploads\/2025\/02\/Deambulations-litteraires2-768x1086.jpg 768w, https:\/\/www.chateaudelarocheguyon.fr\/le-chateau-se-livre\/wp-content\/uploads\/2025\/02\/Deambulations-litteraires2-1086x1536.jpg 1086w, https:\/\/www.chateaudelarocheguyon.fr\/le-chateau-se-livre\/wp-content\/uploads\/2025\/02\/Deambulations-litteraires2-1448x2048.jpg 1448w\" sizes=\"auto, (max-width: 1810px) 100vw, 1810px\" \/>                        <\/div>\n<\/div>[vc_column_text]Balades litt\u00e9raires &#8211; Edition 2024[\/vc_column_text][\/vc_column_inner][\/vc_row_inner][\/vc_column][\/vc_row]<\/p>\n","protected":false},"excerpt":{"rendered":"<p>[vc_row content_placement=&#8221;middle&#8221; row_content_width=&#8221;grid&#8221; content_text_aligment=&#8221;center&#8221; css=&#8221;.vc_custom_1572272203446{padding-top: 147px !important;padding-bottom: 51px !important;}&#8221;][vc_column][vc_empty_space height=&#8221;25px&#8221;][vc_row_inner][vc_column_inner][vc_empty_space height=&#8221;53px&#8221;][vc_column_text]Le Ch\u00e2teau se Livre propose aux festivaliers des rencontres, tables-rondes, lectures musicales, randonn\u00e9es litt\u00e9raires, s\u00e9ances de d\u00e9dicaces\u2026 De nombreuses propositions attendent les enfants et les familles &#8211; conf\u00e9rence dessin\u00e9e, ateliers [&hellip;]<\/p>\n","protected":false},"author":1,"featured_media":0,"parent":0,"menu_order":0,"comment_status":"closed","ping_status":"closed","template":"full-width.php","meta":{"footnotes":""},"class_list":["post-5386","page","type-page","status-publish","hentry"],"_links":{"self":[{"href":"https:\/\/www.chateaudelarocheguyon.fr\/le-chateau-se-livre\/wp-json\/wp\/v2\/pages\/5386","targetHints":{"allow":["GET"]}}],"collection":[{"href":"https:\/\/www.chateaudelarocheguyon.fr\/le-chateau-se-livre\/wp-json\/wp\/v2\/pages"}],"about":[{"href":"https:\/\/www.chateaudelarocheguyon.fr\/le-chateau-se-livre\/wp-json\/wp\/v2\/types\/page"}],"author":[{"embeddable":true,"href":"https:\/\/www.chateaudelarocheguyon.fr\/le-chateau-se-livre\/wp-json\/wp\/v2\/users\/1"}],"replies":[{"embeddable":true,"href":"https:\/\/www.chateaudelarocheguyon.fr\/le-chateau-se-livre\/wp-json\/wp\/v2\/comments?post=5386"}],"version-history":[{"count":57,"href":"https:\/\/www.chateaudelarocheguyon.fr\/le-chateau-se-livre\/wp-json\/wp\/v2\/pages\/5386\/revisions"}],"predecessor-version":[{"id":6132,"href":"https:\/\/www.chateaudelarocheguyon.fr\/le-chateau-se-livre\/wp-json\/wp\/v2\/pages\/5386\/revisions\/6132"}],"wp:attachment":[{"href":"https:\/\/www.chateaudelarocheguyon.fr\/le-chateau-se-livre\/wp-json\/wp\/v2\/media?parent=5386"}],"curies":[{"name":"wp","href":"https:\/\/api.w.org\/{rel}","templated":true}]}}