{"id":3591,"date":"2021-06-28T15:14:29","date_gmt":"2021-06-28T13:14:29","guid":{"rendered":"https:\/\/www.chateaudelarocheguyon.fr\/?page_id=3591"},"modified":"2025-05-12T15:39:03","modified_gmt":"2025-05-12T13:39:03","slug":"festival-litteraire","status":"publish","type":"page","link":"https:\/\/www.chateaudelarocheguyon.fr\/le-chateau-se-livre\/festival-litteraire\/","title":{"rendered":"Festival Litt\u00e9raire"},"content":{"rendered":"<p>[vc_row content_placement=&#8221;middle&#8221; row_content_width=&#8221;grid&#8221; content_text_aligment=&#8221;center&#8221; css=&#8221;.vc_custom_1617110189393{padding-top: 147px !important;padding-bottom: 15px !important;}&#8221;][vc_column]<div class=\"eltdf-section-title-holder   eltdf-st-decorative-line\" >\n\t<div class=\"eltdf-st-inner\">\n                    <span class=\"eltdf-st-caption\" >\n                <span class=\"eltdf-st-caption-inner\" >Les 5 et 6 juillet, de 10h \u00e0 19h, se tiendra la 4e \u00e9dition du festival litt\u00e9raire, Le Ch\u00e2teau se Livre.<\/span>\n            <\/span>\n        \t\t\t\t\t<h2 class=\"eltdf-st-title\" >\n    <span class=\"eltdf-st-title-inner\"><span class=\"eltdf-st-side-line-left\" ><\/span>Le Ch\u00e2teau Se Livre<span class=\"eltdf-st-side-line-right\" ><\/span><\/span>\n\t\t\t<\/h2>\n\t\t\t\t\t\t\t<\/div>\n<\/div>[vc_empty_space][\/vc_column][\/vc_row][vc_row][vc_column width=&#8221;2\/3&#8243;][vc_column_text]<strong>Commissariat du festival : Hella Faust<\/strong><\/p>\n<p><em>Le Ch\u00e2teau se Livre<\/em> est un festival litt\u00e9raire dont la quatri\u00e8me \u00e9dition se pr\u00e9pare activement au Ch\u00e2teau de La Roche-Guyon, au c\u0153ur du Parc naturel r\u00e9gional du Vexin fran\u00e7ais.<\/p>\n<p>Le festival a \u00e9t\u00e9 con\u00e7u en lien \u00e9troit avec l\u2019histoire du lieu. R\u00e9sidence de la famille de La Rochefoucauld, le ch\u00e2teau a connu une vie intellectuelle et litt\u00e9raire intense pendant des si\u00e8cles, notamment au XVIII<sup>e<\/sup> si\u00e8cle o\u00f9 le salon philosophique et scientifique de la duchesse d\u2019Enville r\u00e9unit d\u2019\u00e9minents repr\u00e9sentants des Lumi\u00e8res \u2013 philosophes, hommes et femmes de lettres, savants et penseurs politiques -, contribuant ainsi \u00e0 la diffusion de leurs id\u00e9es.[\/vc_column_text][vc_empty_space]<div class=\"eltdf-accordion-holder eltdf-ac-default  eltdf-accordion eltdf-ac-simple  clearfix\">\n\t<h5 class=\"eltdf-accordion-title\">\n    <span class=\"eltdf-accordion-mark\">\n\t\t<span class=\"eltdf_icon_plus icon_plus\"><\/span>\n\t\t<span class=\"eltdf_icon_minus icon_minus-06\"><\/span>\n\t<\/span>\n\t<span class=\"eltdf-tab-title\">Edition 2025 : Paysages<\/span>\n<\/h5>\n<div class=\"eltdf-accordion-content\">\n\t<div class=\"eltdf-accordion-content-inner\">\n\t\t[vc_column_text]<strong><em>Le Ch\u00e2teau se Livre\u00a0<\/em>2025 se propose d\u2019aller \u00e0 la rencontre de ces auteurs attentifs aux paysages. Romanciers, historiens, philosophes, g\u00e9ographes, urbanistes, \u00e9cologistes, historiens de l\u2019art, musiciens, cin\u00e9astes et illustrateurs nous donnent \u00e0 voir et \u00e0 lire les paysages, dans un dialogue toujours renouvel\u00e9 entre les \u00e9poques.<\/strong><\/p>\n<p>&nbsp;<\/p>\n<p>Depuis que l\u2019\u00eatre humain explore le monde, il est en interaction avec les paysages qui l\u2019entourent. D\u00e8s la Renaissance et surtout depuis la r\u00e9volution industrielle, la recherche et la d\u00e9couverte de nouveaux espaces se font sous le signe de l\u2019exploitation \u00e9conomique de leurs richesses naturelles. Au fur et \u00e0 mesure que les cons\u00e9quences de ces activit\u00e9s humaines sur les \u00e9cosyst\u00e8mes deviennent visibles et que les paysages cristallisent de nombreux enjeux contemporains &#8211; politiques, \u00e9cologiques ou po\u00e9tiques -, on constate que l\u2019\u00e9criture de la nature et de l\u2019environnement &#8211; sauvage, rural, industriel ou urbain \u2013 est elle aussi revenue sur le devant de la sc\u00e8ne litt\u00e9raire. Que les paysages soient d\u00e9cor ou personnage \u00e0 part, ses composantes et leur force symbolique restent pour les \u00e9crivains une source d\u2019inspiration sans cesse renouvel\u00e9e \u2013 signe que si l\u2019homme impacte les paysages, eux aussi l\u2019influencent, stimulent ses sens, fa\u00e7onnent son imaginaire et son horizon intellectuel. D\u00e9montrer la richesse des paysages, dans tous les sens du mot, sera au c\u0153ur de cette quatri\u00e8me \u00e9dition du festival <em>Le Ch\u00e2teau se Livre<\/em>.[\/vc_column_text]\t<\/div>\n<\/div><\/div>[vc_empty_space height=&#8221;50px&#8221;][\/vc_column][vc_column width=&#8221;1\/3&#8243;][vc_single_image image=&#8221;6109&#8243; img_size=&#8221;full&#8221; alignment=&#8221;center&#8221;][vc_column_text]Horaires \/\/ 10h \u00e0 19h<br \/>\nDernier billet vendu une heure avant la fermeture<br \/>\nGratuit pour les moins de 18 ans<br \/>\nTarif unique \/\/ 8\u20ac &#8211; Pass 2 jours \/\/ 10\u20ac<br \/>\nVisite du ch\u00e2teau et participation aux activit\u00e9s inclus<\/p>\n<p>[\/vc_column_text][vc_empty_space height=&#8221;50px&#8221;][vc_single_image image=&#8221;6107&#8243; img_size=&#8221;full&#8221; alignment=&#8221;center&#8221;][vc_column_text]Projet soutenu par le minist\u00e8re de la Culture \u2013 Direction r\u00e9gionale des affaires culturelles d\u2019\u00cele-de-France, la r\u00e9gion \u00cele-de-France, le d\u00e9partement du Val d\u2019Oise, la Soci\u00e9t\u00e9 Fran\u00e7aise des Int\u00e9r\u00eats des Auteurs de l\u2019\u00e9crit et la Fondation Jan Michalski.[\/vc_column_text][vc_empty_space height=&#8221;50px&#8221;][\/vc_column][\/vc_row]<\/p>\n","protected":false},"excerpt":{"rendered":"<p>[vc_row content_placement=&#8221;middle&#8221; row_content_width=&#8221;grid&#8221; content_text_aligment=&#8221;center&#8221; css=&#8221;.vc_custom_1617110189393{padding-top: 147px !important;padding-bottom: 15px !important;}&#8221;][vc_column][vc_empty_space][\/vc_column][\/vc_row][vc_row][vc_column width=&#8221;2\/3&#8243;][vc_column_text]Commissariat du festival : Hella Faust Le Ch\u00e2teau se Livre est un festival litt\u00e9raire dont la quatri\u00e8me \u00e9dition se pr\u00e9pare activement au Ch\u00e2teau de La Roche-Guyon, au c\u0153ur du Parc naturel [&hellip;]<\/p>\n","protected":false},"author":1,"featured_media":0,"parent":0,"menu_order":0,"comment_status":"closed","ping_status":"closed","template":"","meta":{"footnotes":""},"class_list":["post-3591","page","type-page","status-publish","hentry"],"_links":{"self":[{"href":"https:\/\/www.chateaudelarocheguyon.fr\/le-chateau-se-livre\/wp-json\/wp\/v2\/pages\/3591","targetHints":{"allow":["GET"]}}],"collection":[{"href":"https:\/\/www.chateaudelarocheguyon.fr\/le-chateau-se-livre\/wp-json\/wp\/v2\/pages"}],"about":[{"href":"https:\/\/www.chateaudelarocheguyon.fr\/le-chateau-se-livre\/wp-json\/wp\/v2\/types\/page"}],"author":[{"embeddable":true,"href":"https:\/\/www.chateaudelarocheguyon.fr\/le-chateau-se-livre\/wp-json\/wp\/v2\/users\/1"}],"replies":[{"embeddable":true,"href":"https:\/\/www.chateaudelarocheguyon.fr\/le-chateau-se-livre\/wp-json\/wp\/v2\/comments?post=3591"}],"version-history":[{"count":68,"href":"https:\/\/www.chateaudelarocheguyon.fr\/le-chateau-se-livre\/wp-json\/wp\/v2\/pages\/3591\/revisions"}],"predecessor-version":[{"id":6110,"href":"https:\/\/www.chateaudelarocheguyon.fr\/le-chateau-se-livre\/wp-json\/wp\/v2\/pages\/3591\/revisions\/6110"}],"wp:attachment":[{"href":"https:\/\/www.chateaudelarocheguyon.fr\/le-chateau-se-livre\/wp-json\/wp\/v2\/media?parent=3591"}],"curies":[{"name":"wp","href":"https:\/\/api.w.org\/{rel}","templated":true}]}}