{"id":13,"date":"2019-09-13T07:58:38","date_gmt":"2019-09-13T07:58:38","guid":{"rendered":"https:\/\/musea.qodeinteractive.com\/?page_id=13"},"modified":"2025-05-15T12:10:08","modified_gmt":"2025-05-15T10:10:08","slug":"main-home","status":"publish","type":"page","link":"https:\/\/www.chateaudelarocheguyon.fr\/le-chateau-se-livre\/","title":{"rendered":"Main Home"},"content":{"rendered":"<p>[vc_row][vc_column]\n\t\t\t<!-- START Main Home2 REVOLUTION SLIDER 6.7.28 --><p class=\"rs-p-wp-fix\"><\/p>\n\t\t\t<rs-module-wrap id=\"rev_slider_29_1_wrapper\" data-source=\"gallery\" style=\"visibility:hidden;background:#000000;padding:0;\">\n\t\t\t\t<rs-module id=\"rev_slider_29_1\" style=\"\" data-version=\"6.7.28\">\n\t\t\t\t\t<rs-slides style=\"overflow: hidden; position: absolute;\">\n\t\t\t\t\t\t<rs-slide style=\"position: absolute;\" data-key=\"rs-60\" data-title=\"Slide\" data-in=\"o:0;\" data-out=\"a:false;\">\n\t\t\t\t\t\t\t<img decoding=\"async\" src=\"\/\/www.chateaudelarocheguyon.fr\/le-chateau-se-livre\/wp-content\/plugins\/revslider\/sr6\/assets\/assets\/dummy.png\" alt=\"\" title=\"DSC_4948\" width=\"2550\" height=\"1404\" class=\"rev-slidebg tp-rs-img rs-lazyload\" data-lazyload=\"\/\/www.chateaudelarocheguyon.fr\/le-chateau-se-livre\/wp-content\/uploads\/2019\/09\/DSC_4948-scaled-e1739780921478.jpg\" data-no-retina>\n<!--\n\t\t\t\t\t\t\t--><rs-layer\n\t\t\t\t\t\t\t\tid=\"slider-29-slide-60-layer-3\" \n\t\t\t\t\t\t\t\tdata-type=\"image\"\n\t\t\t\t\t\t\t\tdata-xy=\"x:c;xo:-617px,-417px,-287px,-287px;y:m;yo:-4px,0,-34px,-55px;\"\n\t\t\t\t\t\t\t\tdata-text=\"w:normal;\"\n\t\t\t\t\t\t\t\tdata-dim=\"w:147px,147px,100px,100px;h:[&#039;1px&#039;,&#039;1px&#039;,&#039;1px&#039;,&#039;1px&#039;];\"\n\t\t\t\t\t\t\t\tdata-rsp_o=\"off\"\n\t\t\t\t\t\t\t\tdata-rsp_bd=\"off\"\n\t\t\t\t\t\t\t\tdata-frame_0=\"x:100%;\"\n\t\t\t\t\t\t\t\tdata-frame_0_mask=\"u:t;\"\n\t\t\t\t\t\t\t\tdata-frame_1=\"st:500;sp:1000;\"\n\t\t\t\t\t\t\t\tdata-frame_1_mask=\"u:t;\"\n\t\t\t\t\t\t\t\tdata-frame_999=\"o:0;st:w;sR:7500;\"\n\t\t\t\t\t\t\t\tstyle=\"z-index:10;\"\n\t\t\t\t\t\t\t><img decoding=\"async\" src=\"\/\/www.chateaudelarocheguyon.fr\/le-chateau-se-livre\/wp-content\/plugins\/revslider\/sr6\/assets\/assets\/dummy.png\" alt=\"\" class=\"tp-rs-img rs-lazyload\" width=\"147\" height=\"1\" data-lazyload=\"\" data-no-retina> \n\t\t\t\t\t\t\t<\/rs-layer><!--\n\n\t\t\t\t\t\t\t--><rs-layer\n\t\t\t\t\t\t\t\tid=\"slider-29-slide-60-layer-4\" \n\t\t\t\t\t\t\t\tdata-type=\"image\"\n\t\t\t\t\t\t\t\tdata-xy=\"x:c;xo:601px,417px,287px,287px;y:m;yo:-4px,0,-34px,-55px;\"\n\t\t\t\t\t\t\t\tdata-text=\"w:normal;\"\n\t\t\t\t\t\t\t\tdata-dim=\"w:147px,147px,100px,100px;h:[&#039;1px&#039;,&#039;1px&#039;,&#039;1px&#039;,&#039;1px&#039;];\"\n\t\t\t\t\t\t\t\tdata-rsp_o=\"off\"\n\t\t\t\t\t\t\t\tdata-rsp_bd=\"off\"\n\t\t\t\t\t\t\t\tdata-frame_0=\"x:-100%;\"\n\t\t\t\t\t\t\t\tdata-frame_0_mask=\"u:t;\"\n\t\t\t\t\t\t\t\tdata-frame_1=\"st:500;sp:1000;\"\n\t\t\t\t\t\t\t\tdata-frame_1_mask=\"u:t;\"\n\t\t\t\t\t\t\t\tdata-frame_999=\"o:0;st:w;sR:7500;\"\n\t\t\t\t\t\t\t\tstyle=\"z-index:9;\"\n\t\t\t\t\t\t\t><img decoding=\"async\" src=\"\/\/www.chateaudelarocheguyon.fr\/le-chateau-se-livre\/wp-content\/plugins\/revslider\/sr6\/assets\/assets\/dummy.png\" alt=\"\" class=\"tp-rs-img rs-lazyload\" width=\"147\" height=\"1\" data-lazyload=\"\" data-no-retina> \n\t\t\t\t\t\t\t<\/rs-layer><!--\n-->\t\t\t\t\t<\/rs-slide>\n\t\t\t\t\t<\/rs-slides>\n\t\t\t\t<\/rs-module>\n\t\t\t\t<script>\n\t\t\t\t\tsetREVStartSize({c: 'rev_slider_29_1',rl:[1240,1024,778,480],el:[750,600,600,500],gw:[1300,1100,600,300],gh:[750,600,600,500],type:'standard',justify:'',layout:'fullscreen',offsetContainer:'html.touch .eltdf-mobile-header',offset:'',mh:\"0\"});if (window.RS_MODULES!==undefined && window.RS_MODULES.modules!==undefined && window.RS_MODULES.modules[\"revslider291\"]!==undefined) {window.RS_MODULES.modules[\"revslider291\"].once = false;window.revapi29 = undefined;if (window.RS_MODULES.checkMinimal!==undefined) window.RS_MODULES.checkMinimal()}\n\t\t\t\t<\/script>\n\t\t\t<\/rs-module-wrap>\n\t\t\t<!-- END REVOLUTION SLIDER -->\n[\/vc_column][\/vc_row][vc_row row_content_width=&#8221;grid&#8221; css=&#8221;.vc_custom_1569504544892{padding-top: 20px !important;}&#8221;][vc_column][vc_empty_space]<div class=\"eltdf-section-title-holder   eltdf-st-decorative-line\" style=\"text-align: center\">\n\t<div class=\"eltdf-st-inner\">\n                    <span class=\"eltdf-st-caption\" style=\"color: #c9ab81;margin: 0 0 5px 0\">\n                <span class=\"eltdf-st-caption-inner\" >RDV les 5 &amp; 6 juillet pour la 4\u00e8me \u00e9dition du Festival Litt\u00e9raire du Ch\u00e2teau de La Roche-Guyon !<\/span>\n            <\/span>\n        \t\t\t\t\t<h1 class=\"eltdf-st-title\" >\n    <span class=\"eltdf-st-title-inner\"><span class=\"eltdf-st-side-line-left\" ><\/span>Le Ch\u00e2teau se livre<span class=\"eltdf-st-side-line-right\" ><\/span><\/span>\n\t\t\t<\/h1>\n\t\t\t\t\t\t\t<\/div>\n<\/div>[vc_empty_space height=&#8221;22px&#8221;][\/vc_column][\/vc_row][vc_row row_content_width=&#8221;grid&#8221; css=&#8221;.vc_custom_1569504544892{padding-top: 20px !important;}&#8221;][vc_column width=&#8221;1\/4&#8243;][vc_single_image image=&#8221;5829&#8243; img_size=&#8221;full&#8221;][vc_empty_space][vc_text_separator title=&#8221;LE FESTIVAL&#8221;][vc_column_text]<\/p>\n<p style=\"text-align: left;\">En \u00e9cho \u00e0 la saison culturelle 2025 du Ch\u00e2teau, le festival annuel de litt\u00e9rature <em>Le Ch\u00e2teau se Livre <\/em>place sa quatri\u00e8me \u00e9dition sous le signe des <em>\u00ab\u00a0Paysages\u00a0\u00bb<\/em>.<\/p>\n<p>[\/vc_column_text][vc_empty_space height=&#8221;22px&#8221;]<a itemprop=\"url\" href=\"https:\/\/www.chateaudelarocheguyon.fr\/le-chateau-se-livre\/festival-litteraire\/\" target=\"_self\"  class=\"eltdf-btn eltdf-btn-medium eltdf-btn-outline-slit\"  >\n    <span class=\"eltdf-btn-text\">En savoir +<\/span>\n    <\/a>[vc_empty_space height=&#8221;22px&#8221;][\/vc_column][vc_column width=&#8221;1\/4&#8243;][vc_single_image image=&#8221;5830&#8243; img_size=&#8221;full&#8221;][vc_empty_space][vc_text_separator title=&#8221;PROGRAMME&#8221;][vc_column_text]Rencontres, conf\u00e9rences, lectures musicales, ateliers jeunesse et s\u00e9ances de d\u00e9dicaces avec des auteurs et autrices d\u2019horizons litt\u00e9raires vari\u00e9s\u2026<\/p>\n<p>\u00c0 d\u00e9couvrir prochainement\u00a0![\/vc_column_text][vc_empty_space height=&#8221;22px&#8221;]<a itemprop=\"url\" href=\"https:\/\/www.chateaudelarocheguyon.fr\/le-chateau-se-livre\/programme\/\" target=\"_self\"  class=\"eltdf-btn eltdf-btn-medium eltdf-btn-outline-slit\"  >\n    <span class=\"eltdf-btn-text\">En savoir +<\/span>\n    <\/a>[vc_empty_space height=&#8221;22px&#8221;][\/vc_column][vc_column width=&#8221;1\/4&#8243;][vc_single_image image=&#8221;6119&#8243; img_size=&#8221;full&#8221;][vc_empty_space][vc_text_separator title=&#8221;LE PRIX DES LECTEURS&#8221;][vc_column_text]Le \u00ab Prix des lecteurs \u00bb, organis\u00e9 en partenariat avec des biblioth\u00e8ques du Val d\u2019Oise, des Yvelines et de l\u2019Eure, revient en 2025. D\u00e9couvrez les finalistes et votez pour votre ouvrage pr\u00e9f\u00e9r\u00e9\u00a0![\/vc_column_text][vc_empty_space height=&#8221;22px&#8221;]<a itemprop=\"url\" href=\"https:\/\/www.chateaudelarocheguyon.fr\/le-chateau-se-livre\/prix-des-lecteurs\/\" target=\"_self\"  class=\"eltdf-btn eltdf-btn-medium eltdf-btn-outline-slit\"  >\n    <span class=\"eltdf-btn-text\">En savoir +<\/span>\n    <\/a>[vc_empty_space height=&#8221;22px&#8221;][\/vc_column][vc_column width=&#8221;1\/4&#8243;][vc_single_image image=&#8221;5827&#8243; img_size=&#8221;full&#8221;][vc_empty_space][vc_text_separator title=&#8221;LES AUTEURS&#8221;][vc_column_text]Romanciers, historiens, musiciens, auteurs et illustrateurs se r\u00e9uniront autour d\u2019Emmanuel Ruben et Isabelle Simler, invit\u00e9s d&#8217;honneur de cette quatri\u00e8me \u00e9dition.[\/vc_column_text][vc_empty_space height=&#8221;22px&#8221;]<a itemprop=\"url\" href=\"https:\/\/www.chateaudelarocheguyon.fr\/le-chateau-se-livre\/auteurs\/\" target=\"_self\"  class=\"eltdf-btn eltdf-btn-medium eltdf-btn-outline-slit\"  >\n    <span class=\"eltdf-btn-text\">En savoir +<\/span>\n    <\/a>[vc_empty_space height=&#8221;22px&#8221;][\/vc_column][\/vc_row][vc_row row_content_width=&#8221;grid&#8221; css=&#8221;.vc_custom_1633437215861{padding-top: 69px !important;padding-bottom: 69px !important;}&#8221; simple_background_color=&#8221;#f8f8f8&#8243;][vc_column offset=&#8221;vc_col-lg-offset-1 vc_col-lg-10 vc_col-md-offset-0 vc_col-md-12 vc_col-sm-offset-0 vc_col-xs-12&#8243;]<div class=\"eltdf-section-title-holder   eltdf-st-decorative-line\" style=\"text-align: center\">\n\t<div class=\"eltdf-st-inner\">\n                    <span class=\"eltdf-st-caption\" style=\"color: #c9ab81;margin: 0 0 5px 0\">\n                <span class=\"eltdf-st-caption-inner\" >Retour en images...<\/span>\n            <\/span>\n        \t\t\t\t\t<h1 class=\"eltdf-st-title\" >\n    <span class=\"eltdf-st-title-inner\"><span class=\"eltdf-st-side-line-left\" ><\/span>D\u00e9couvrez les pr\u00e9c\u00e9dentes \u00e9ditions !<span class=\"eltdf-st-side-line-right\" ><\/span><\/span>\n\t\t\t<\/h1>\n\t\t\t\t\t\t\t<\/div>\n<\/div>[vc_empty_space][vc_images_carousel images=&#8221;5831,5832,5834,5835,5833,5836,5841&#8243; img_size=&#8221;full&#8221; speed=&#8221;2000&#8243; slides_per_view=&#8221;3&#8243; autoplay=&#8221;yes&#8221; partial_view=&#8221;yes&#8221; wrap=&#8221;yes&#8221;][\/vc_column][\/vc_row][vc_row row_content_width=&#8221;grid&#8221; css=&#8221;.vc_custom_1623766003702{padding-top: 69px !important;padding-bottom: 69px !important;}&#8221;][vc_column]<div class=\"eltdf-elements-holder   eltdf-three-columns  eltdf-responsive-mode-1024 eltdf-one-column-alignment-left\" ><div class=\"eltdf-eh-item    \"  data-item-class=\"eltdf-eh-custom-2793\" data-1400-1600=\"0 60px 0 0\" data-1025-1399=\"0 30px 0 0\" data-769-1024=\"0 0 71px 0\" data-681-768=\"0 0 71px 0\" data-680=\"0 0 71px 0\">\n\t<div class=\"eltdf-eh-item-inner\">\n\t\t<div class=\"eltdf-eh-item-content eltdf-eh-custom-2793\" style=\"padding: 0 60px 0 0\">\n\t\t\t[vc_column_text]<\/p>\n<h3 style=\"text-align: left;\">Au programme<\/h3>\n<p>[\/vc_column_text][vc_column_text]<\/p>\n<div class=\"wpb_text_column wpb_content_element \">\n<div class=\"wpb_wrapper\" style=\"text-align: justify;\">\n<ul>\n<li>Rencontres, tables rondes et d\u00e9dicaces<\/li>\n<li>Conf\u00e9rence dessin\u00e9e et lectures musicales<\/li>\n<li>Animations jeunesse et famille<\/li>\n<li>Randonn\u00e9e litt\u00e9raire&#8230;<\/li>\n<\/ul>\n<\/div>\n<\/div>\n<p>[\/vc_column_text][vc_column_text][\/vc_column_text][vc_empty_space height=&#8221;4px&#8221;][vc_empty_space height=&#8221;52px&#8221;]<a itemprop=\"url\" href=\"https:\/\/www.chateaudelarocheguyon.fr\/le-chateau-se-livre\/programme\/\" target=\"_self\"  class=\"eltdf-btn eltdf-btn-medium eltdf-btn-outline-slit\"  >\n    <span class=\"eltdf-btn-text\">En savoir +<\/span>\n    <\/a>[vc_empty_space height=&#8221;20px&#8221;]\t\t<\/div>\n\t<\/div>\n<\/div><div class=\"eltdf-eh-item    \"  data-item-class=\"eltdf-eh-custom-1435\" data-1400-1600=\"3px 0 47px 60px\" data-1025-1399=\"3px 0 47px 30px\" data-769-1024=\"61px 0 0 0\" data-681-768=\"61px 0 0 0\" data-680=\"61px 0 0 0\">\n\t<div class=\"eltdf-eh-item-inner\">\n\t\t<div class=\"eltdf-eh-item-content eltdf-eh-custom-1435\" style=\"padding: 0 60px 0 0\">\n\t\t\t[vc_column_text]<\/p>\n<h3 style=\"text-align: left;\">Infos pratiques<\/h3>\n<p>[\/vc_column_text][vc_column_text]<\/p>\n<ul>\n<li>Horaires : 5 et 6 juillet de 10h \u00e0 19h<\/li>\n<li>Tarif unique : 8 \u20ac<\/li>\n<li>Pass 2 jours\u00a0: 10 \u20ac<\/li>\n<li>Gratuit pour les moins de 18 ans<\/li>\n<\/ul>\n<p>[\/vc_column_text][vc_empty_space height=&#8221;4px&#8221;][vc_empty_space height=&#8221;52px&#8221;]<a itemprop=\"url\" href=\"https:\/\/www.chateaudelarocheguyon.fr\/le-chateau-se-livre\/pratique\/\" target=\"_self\"  class=\"eltdf-btn eltdf-btn-medium eltdf-btn-outline-slit\"  >\n    <span class=\"eltdf-btn-text\">En savoir +<\/span>\n    <\/a>\t\t<\/div>\n\t<\/div>\n<\/div><div class=\"eltdf-eh-item    \"  data-item-class=\"eltdf-eh-custom-3527\" data-1400-1600=\"0 5px 0 5px\" data-1025-1399=\"0 5px 0 5px\" data-769-1024=\"0 0 0 0\" data-681-768=\"0 0 0 0\" data-680=\"0 0 0 0\">\n\t<div class=\"eltdf-eh-item-inner\">\n\t\t<div class=\"eltdf-eh-item-content eltdf-eh-custom-3527\" style=\"padding: 0 5px 0 5px\">\n\t\t\t<div class=\"eltdf-single-image-holder    eltdf-image-animation-vertical\">\n    <div class=\"eltdf-si-inner\" >\n                                    <img loading=\"lazy\" decoding=\"async\" width=\"1829\" height=\"2560\" src=\"https:\/\/www.chateaudelarocheguyon.fr\/le-chateau-se-livre\/wp-content\/uploads\/2024\/04\/image-home1-scaled.jpeg\" class=\"attachment-full size-full\" alt=\"\" srcset=\"https:\/\/www.chateaudelarocheguyon.fr\/le-chateau-se-livre\/wp-content\/uploads\/2024\/04\/image-home1-scaled.jpeg 1829w, https:\/\/www.chateaudelarocheguyon.fr\/le-chateau-se-livre\/wp-content\/uploads\/2024\/04\/image-home1-214x300.jpeg 214w, https:\/\/www.chateaudelarocheguyon.fr\/le-chateau-se-livre\/wp-content\/uploads\/2024\/04\/image-home1-731x1024.jpeg 731w, https:\/\/www.chateaudelarocheguyon.fr\/le-chateau-se-livre\/wp-content\/uploads\/2024\/04\/image-home1-768x1075.jpeg 768w, https:\/\/www.chateaudelarocheguyon.fr\/le-chateau-se-livre\/wp-content\/uploads\/2024\/04\/image-home1-1097x1536.jpeg 1097w, https:\/\/www.chateaudelarocheguyon.fr\/le-chateau-se-livre\/wp-content\/uploads\/2024\/04\/image-home1-1463x2048.jpeg 1463w\" sizes=\"auto, (max-width: 1829px) 100vw, 1829px\" \/>                        <\/div>\n<\/div>\t\t<\/div>\n\t<\/div>\n<\/div><\/div>[\/vc_column][\/vc_row][vc_row][vc_column][vc_column_text]<\/p>\n<p>&nbsp;<\/p>\n<p>[\/vc_column_text][\/vc_column][\/vc_row]<\/p>\n","protected":false},"excerpt":{"rendered":"<p>[vc_row][vc_column][\/vc_column][\/vc_row][vc_row row_content_width=&#8221;grid&#8221; css=&#8221;.vc_custom_1569504544892{padding-top: 20px !important;}&#8221;][vc_column][vc_empty_space][vc_empty_space height=&#8221;22px&#8221;][\/vc_column][\/vc_row][vc_row row_content_width=&#8221;grid&#8221; css=&#8221;.vc_custom_1569504544892{padding-top: 20px !important;}&#8221;][vc_column width=&#8221;1\/4&#8243;][vc_single_image image=&#8221;5829&#8243; img_size=&#8221;full&#8221;][vc_empty_space][vc_text_separator title=&#8221;LE FESTIVAL&#8221;][vc_column_text] En \u00e9cho \u00e0 la saison culturelle 2025 du Ch\u00e2teau, le festival annuel de litt\u00e9rature Le Ch\u00e2teau se Livre place sa quatri\u00e8me \u00e9dition sous le signe [&hellip;]<\/p>\n","protected":false},"author":1,"featured_media":0,"parent":0,"menu_order":0,"comment_status":"closed","ping_status":"closed","template":"full-width.php","meta":{"footnotes":""},"class_list":["post-13","page","type-page","status-publish","hentry"],"_links":{"self":[{"href":"https:\/\/www.chateaudelarocheguyon.fr\/le-chateau-se-livre\/wp-json\/wp\/v2\/pages\/13","targetHints":{"allow":["GET"]}}],"collection":[{"href":"https:\/\/www.chateaudelarocheguyon.fr\/le-chateau-se-livre\/wp-json\/wp\/v2\/pages"}],"about":[{"href":"https:\/\/www.chateaudelarocheguyon.fr\/le-chateau-se-livre\/wp-json\/wp\/v2\/types\/page"}],"author":[{"embeddable":true,"href":"https:\/\/www.chateaudelarocheguyon.fr\/le-chateau-se-livre\/wp-json\/wp\/v2\/users\/1"}],"replies":[{"embeddable":true,"href":"https:\/\/www.chateaudelarocheguyon.fr\/le-chateau-se-livre\/wp-json\/wp\/v2\/comments?post=13"}],"version-history":[{"count":414,"href":"https:\/\/www.chateaudelarocheguyon.fr\/le-chateau-se-livre\/wp-json\/wp\/v2\/pages\/13\/revisions"}],"predecessor-version":[{"id":6120,"href":"https:\/\/www.chateaudelarocheguyon.fr\/le-chateau-se-livre\/wp-json\/wp\/v2\/pages\/13\/revisions\/6120"}],"wp:attachment":[{"href":"https:\/\/www.chateaudelarocheguyon.fr\/le-chateau-se-livre\/wp-json\/wp\/v2\/media?parent=13"}],"curies":[{"name":"wp","href":"https:\/\/api.w.org\/{rel}","templated":true}]}}